{"id":13,"date":"2016-01-12T12:10:39","date_gmt":"2016-01-12T12:10:39","guid":{"rendered":"http:\/\/les-pagaies.fr\/?page_id=13"},"modified":"2024-07-01T17:33:16","modified_gmt":"2024-07-01T17:33:16","slug":"muret","status":"publish","type":"page","link":"https:\/\/les-pagaies.fr\/?page_id=13","title":{"rendered":"Base Muret"},"content":{"rendered":"\n<div class=\"wp-block-columns is-layout-flex wp-container-core-columns-is-layout-ec2e7a44 wp-block-columns-is-layout-flex\" style=\"padding-top:0;padding-bottom:0\">\n<div class=\"wp-block-column is-layout-flow wp-block-column-is-layout-flow\" style=\"flex-basis:66.66%\">\n<h1 class=\"wp-block-heading has-text-align-center\"><strong><mark style=\"background-color:rgba(0, 0, 0, 0);color:#94c4ff\" class=\"has-inline-color\">La Base Nautique de Muret<\/mark><\/strong><\/h1>\n<\/div>\n<\/div>\n\n\n\n<div class=\"wp-block-columns is-layout-flex wp-container-core-columns-is-layout-28f84493 wp-block-columns-is-layout-flex\">\n<div class=\"wp-block-column is-layout-flow wp-block-column-is-layout-flow\" style=\"flex-basis:40%\"><\/div>\n\n\n\n<div class=\"wp-block-column is-vertically-aligned-center is-layout-flow wp-block-column-is-layout-flow\" style=\"flex-basis:50%\">\n<guidap-booking-widget activity-uuid=\"gWPCn6RabuDmTw5jV4JXpfU3idMslzvSONZG\"><\/guidap-booking-widget>\n<\/div>\n\n\n\n<div class=\"wp-block-column is-layout-flow wp-block-column-is-layout-flow\" style=\"flex-basis:25%\"><\/div>\n<\/div>\n\n\n\n<h1 class=\"wp-block-heading has-text-align-center has-foreground-color has-text-color has-medium-font-size\" style=\"margin-top:var(--wp--preset--spacing--60);margin-bottom:var(--wp--preset--spacing--60)\"><strong>Cet \u00e9t\u00e9, re-d\u00e9couvrez la r\u00e9gion midi-toulousaine en naviguant sur la Garonne.<\/strong><\/h1>\n\n\n\n<div class=\"wp-block-columns are-vertically-aligned-center is-layout-flex wp-container-core-columns-is-layout-28f84493 wp-block-columns-is-layout-flex\">\n<div class=\"wp-block-column is-vertically-aligned-center is-layout-flow wp-block-column-is-layout-flow\" style=\"flex-basis:33.33%\">\n<figure class=\"wp-block-image size-full is-resized\"><img loading=\"lazy\" decoding=\"async\" width=\"823\" height=\"817\" src=\"https:\/\/les-pagaies.fr\/wp-content\/uploads\/2023\/08\/Page-muret-site.png\" alt=\"\" class=\"wp-image-524\" style=\"width:358px;height:356px\" srcset=\"https:\/\/les-pagaies.fr\/wp-content\/uploads\/2023\/08\/Page-muret-site.png 823w, https:\/\/les-pagaies.fr\/wp-content\/uploads\/2023\/08\/Page-muret-site-300x298.png 300w, https:\/\/les-pagaies.fr\/wp-content\/uploads\/2023\/08\/Page-muret-site-150x150.png 150w, https:\/\/les-pagaies.fr\/wp-content\/uploads\/2023\/08\/Page-muret-site-768x762.png 768w\" sizes=\"auto, (max-width: 823px) 100vw, 823px\" \/><\/figure>\n<\/div>\n\n\n\n<div class=\"wp-block-column is-vertically-aligned-center is-layout-flow wp-block-column-is-layout-flow\" style=\"flex-basis:66.66%\">\n<p class=\"has-foreground-color has-text-color\">Situ\u00e9<strong><strong> <mark style=\"background-color:rgba(0, 0, 0, 0);color:#94c4ff\" class=\"has-inline-color\">pr\u00e8s de l\u2019H\u00f4tel <\/mark><\/strong><\/strong>de ville, la base nautique de Muret vous accueille<strong><strong> <mark style=\"background-color:rgba(0, 0, 0, 0);color:#94c4ff\" class=\"has-inline-color\">tous les jours<\/mark> <\/strong><\/strong>du 01 Juillet au 31 Ao\u00fbt, sur r\u00e9servation  <strong><strong><mark style=\"background-color:rgba(0, 0, 0, 0);color:#94c4ff\" class=\"has-inline-color\">les weekends<\/mark> <\/strong><\/strong>de juin et Septembre pour vous faire d\u00e9couvrir le temps d\u2019une<strong><strong> <mark style=\"background-color:rgba(0, 0, 0, 0);color:#94c4ff\" class=\"has-inline-color\">journ\u00e9e<\/mark> <\/strong><\/strong>( 5h ) ou<strong><strong> <mark style=\"background-color:rgba(0, 0, 0, 0);color:#94c4ff\" class=\"has-inline-color\">demi-journ\u00e9e<\/mark> <\/strong><\/strong>( 2h ) son parcours tranquillit\u00e9.<\/p>\n\n\n\n<p class=\"has-foreground-color has-text-color\">Equipez-vous \u00e0 la base et embarquez dans notre<strong> <mark style=\"background-color:rgba(0, 0, 0, 0);color:#94c4ff\" class=\"has-inline-color\">navette<\/mark> <\/strong>pour le d\u00e9part du parcours situ\u00e9 \u00e0<strong> <mark style=\"background-color:rgba(0, 0, 0, 0);color:#94c4ff\" class=\"has-inline-color\">Mauzac<\/mark><\/strong>.<\/p>\n<\/div>\n<\/div>\n\n\n\n<div class=\"wp-block-columns is-layout-flex wp-container-core-columns-is-layout-28f84493 wp-block-columns-is-layout-flex\">\n<div class=\"wp-block-column is-vertically-aligned-center is-layout-flow wp-block-column-is-layout-flow\" style=\"flex-basis:66.66%\">\n<p class=\"has-foreground-color has-text-color\">Gr\u00e2ce aux<strong> <mark style=\"background-color:rgba(0, 0, 0, 0);color:#94c4ff\" class=\"has-inline-color\">bidons \u00e9tanches<\/mark> <\/strong>fournis, gardez au sec vos affaires et vos collations.<\/p>\n\n\n\n<p><mark style=\"background-color:rgba(0, 0, 0, 0)\" class=\"has-inline-color has-foreground-color\">Seul en kayak ou \u00e0 plusieurs en cano\u00eb, lancez vous dans une descente de<\/mark><strong><mark style=\"background-color:rgba(0, 0, 0, 0)\" class=\"has-inline-color has-foreground-color\"> <\/mark><mark style=\"background-color:rgba(0, 0, 0, 0);color:#94c4ff\" class=\"has-inline-color\">10km<\/mark> <\/strong><mark style=\"background-color:rgba(0, 0, 0, 0)\" class=\"has-inline-color has-foreground-color\">longeant villages et plages de galets.<\/mark><\/p>\n\n\n\n<p class=\"has-foreground-color has-text-color\">En fonction de votre rythme de croisi\u00e8re, votre moment plaisir durera<strong> <mark style=\"background-color:rgba(0, 0, 0, 0);color:#94c4ff\" class=\"has-inline-color\">entre 2h et 5h.<\/mark><\/strong><\/p>\n<\/div>\n\n\n\n<div class=\"wp-block-column is-layout-flow wp-block-column-is-layout-flow\" style=\"flex-basis:33.33%\">\n<figure class=\"wp-block-image size-full is-resized\"><img loading=\"lazy\" decoding=\"async\" width=\"823\" height=\"817\" src=\"https:\/\/les-pagaies.fr\/wp-content\/uploads\/2023\/08\/site-muret-1.png\" alt=\"\" class=\"wp-image-548\" style=\"width:356px;height:353px\" srcset=\"https:\/\/les-pagaies.fr\/wp-content\/uploads\/2023\/08\/site-muret-1.png 823w, https:\/\/les-pagaies.fr\/wp-content\/uploads\/2023\/08\/site-muret-1-300x298.png 300w, https:\/\/les-pagaies.fr\/wp-content\/uploads\/2023\/08\/site-muret-1-150x150.png 150w, https:\/\/les-pagaies.fr\/wp-content\/uploads\/2023\/08\/site-muret-1-768x762.png 768w\" sizes=\"auto, (max-width: 823px) 100vw, 823px\" \/><\/figure>\n<\/div>\n<\/div>\n\n\n\n<p class=\"has-foreground-color has-text-color\">Profitez de la Garonne et de ses<strong> <mark style=\"background-color:rgba(0, 0, 0, 0);color:#94c4ff\" class=\"has-inline-color\">paysages sauvages<\/mark> <\/strong>en alternant entre moments de calme et d\u2019amusement avec les<strong> <mark style=\"background-color:rgba(0, 0, 0, 0);color:#94c4ff\" class=\"has-inline-color\">quelques rapides<\/mark> <\/strong>situ\u00e9s sur votre chemin.<\/p>\n\n\n\n<figure class=\"wp-block-pullquote has-foreground-color has-text-color has-normal-font-size\"><blockquote><p><strong>Le parcours ne pr\u00e9sente aucune difficult\u00e9 de navigation et est accessible d\u00e8s <mark style=\"background-color:rgba(0, 0, 0, 0);color:#94c4ff\" class=\"has-inline-color\">8 ans<\/mark>.<\/strong><\/p><\/blockquote><\/figure>\n\n\n\n<h1 class=\"wp-block-heading has-text-align-center has-foreground-color has-text-color\" style=\"margin-top:var(--wp--preset--spacing--60);margin-bottom:var(--wp--preset--spacing--60)\"><strong>Pr\u00eat \u00e0 pagayer ?<\/strong><\/h1>\n\n\n\n<div class=\"wp-block-columns are-vertically-aligned-center is-layout-flex wp-container-core-columns-is-layout-28f84493 wp-block-columns-is-layout-flex\">\n<div class=\"wp-block-column is-vertically-aligned-center has-link-color wp-elements-e9edde398845d31119905f40f0258e82 is-layout-flow wp-block-column-is-layout-flow\">\n<p class=\"has-text-align-center has-foreground-color has-text-color\">R\u00e9servez votre bateau<strong> <a href=\"https:\/\/les-pagaies.fr\/?page_id=13&amp;g-path=%2Fcart%2Factivities%2FgWPCn6RabuDmTw5jV4JXpfU3idMslzvSONZG\">en ligne<\/a> <\/strong>ou au <strong><mark style=\"background-color:rgba(0, 0, 0, 0);color:#94c4ff\" class=\"has-inline-color\">05 61 51 38 21<\/mark><\/strong>, puis rendez-vous le<strong> <mark style=\"background-color:rgba(0, 0, 0, 0);color:#94c4ff\" class=\"has-inline-color\">Jour J \u00e0 la base<\/mark><\/strong>:<\/p>\n\n\n\n<div class=\"wp-block-columns are-vertically-aligned-center is-layout-flex wp-container-core-columns-is-layout-28f84493 wp-block-columns-is-layout-flex\">\n<div class=\"wp-block-column is-vertically-aligned-center is-layout-flow wp-block-column-is-layout-flow\" style=\"flex-basis:33.33%\">\n<figure class=\"wp-block-image alignright size-full is-resized\"><img loading=\"lazy\" decoding=\"async\" width=\"530\" height=\"529\" src=\"https:\/\/les-pagaies.fr\/wp-content\/uploads\/2023\/07\/panneau.png\" alt=\"\" class=\"wp-image-520\" style=\"width:146px;height:145px\" srcset=\"https:\/\/les-pagaies.fr\/wp-content\/uploads\/2023\/07\/panneau.png 530w, https:\/\/les-pagaies.fr\/wp-content\/uploads\/2023\/07\/panneau-300x300.png 300w, https:\/\/les-pagaies.fr\/wp-content\/uploads\/2023\/07\/panneau-150x150.png 150w\" sizes=\"auto, (max-width: 530px) 100vw, 530px\" \/><\/figure>\n<\/div>\n\n\n\n<div class=\"wp-block-column is-vertically-aligned-center is-layout-flow wp-block-column-is-layout-flow\" style=\"flex-basis:66.66%\">\n<p class=\"has-foreground-color has-text-color\"><mark style=\"background-color:rgba(0, 0, 0, 0)\" class=\"has-inline-color has-foreground-color\">Association \u00ab&nbsp;Les Pagaies&nbsp;\u00bb, 14 rue Castelvielh 31600 Muret<\/mark><\/p>\n<\/div>\n<\/div>\n<\/div>\n<\/div>\n\n\n\n<div class=\"wp-block-columns is-layout-flex wp-container-core-columns-is-layout-28f84493 wp-block-columns-is-layout-flex\">\n<div class=\"wp-block-column is-vertically-aligned-center is-layout-flow wp-block-column-is-layout-flow\" style=\"flex-basis:50%\">\n<p class=\"has-text-align-center has-foreground-color has-background-background-color has-text-color has-background\" style=\"font-size:17px;line-height:2.5\">Prendre l\u2019autoroute A64, sortie Muret Sud n\u00b034 puis direction centre ville, h\u00f4tel de ville, au rond-point \u00e0 droite avant le pont de la Garonne puis \u00e0 gauche du pont de la Louge, avant l\u2019H\u00f4tel de ville.<\/p>\n<\/div>\n\n\n\n<div class=\"wp-block-column is-vertically-aligned-center is-layout-flow wp-block-column-is-layout-flow\" style=\"flex-basis:50%\">\n<\/p>\n<p style=\"text-align: left;\"><iframe loading=\"lazy\" style=\"border: 0;\" src=\"https:\/\/www.google.com\/maps\/embed?pb=!1m18!1m12!1m3!1d4095.4284482718867!2d1.3282559217362808!3d43.46257573720784!2m3!1f0!2f0!3f0!3m2!1i1024!2i768!4f13.1!3m3!1m2!1s0x12aec833c2b7c1cf%3A0xc00b1a09b81e8bb5!2s14+Rue+Castelvielh%2C+31600+Muret!5e0!3m2!1sfr!2sfr!4v1453234007122\" width=\"600\" height=\"450\" frameborder=\"0\" allowfullscreen=\"allowfullscreen\"><\/iframe><\/p>\n<\/div>\n<\/div>\n","protected":false},"excerpt":{"rendered":"<p>La Base Nautique de Muret Cet \u00e9t\u00e9, re-d\u00e9couvrez la r\u00e9gion midi-toulousaine en naviguant sur la [&hellip;]<\/p>\n","protected":false},"author":1,"featured_media":0,"parent":0,"menu_order":1,"comment_status":"closed","ping_status":"closed","template":"","meta":{"footnotes":""},"class_list":["post-13","page","type-page","status-publish","hentry"],"_links":{"self":[{"href":"https:\/\/les-pagaies.fr\/index.php?rest_route=\/wp\/v2\/pages\/13","targetHints":{"allow":["GET"]}}],"collection":[{"href":"https:\/\/les-pagaies.fr\/index.php?rest_route=\/wp\/v2\/pages"}],"about":[{"href":"https:\/\/les-pagaies.fr\/index.php?rest_route=\/wp\/v2\/types\/page"}],"author":[{"embeddable":true,"href":"https:\/\/les-pagaies.fr\/index.php?rest_route=\/wp\/v2\/users\/1"}],"replies":[{"embeddable":true,"href":"https:\/\/les-pagaies.fr\/index.php?rest_route=%2Fwp%2Fv2%2Fcomments&post=13"}],"version-history":[{"count":54,"href":"https:\/\/les-pagaies.fr\/index.php?rest_route=\/wp\/v2\/pages\/13\/revisions"}],"predecessor-version":[{"id":674,"href":"https:\/\/les-pagaies.fr\/index.php?rest_route=\/wp\/v2\/pages\/13\/revisions\/674"}],"wp:attachment":[{"href":"https:\/\/les-pagaies.fr\/index.php?rest_route=%2Fwp%2Fv2%2Fmedia&parent=13"}],"curies":[{"name":"wp","href":"https:\/\/api.w.org\/{rel}","templated":true}]}}