{"id":17,"date":"2016-01-12T12:11:35","date_gmt":"2016-01-12T12:11:35","guid":{"rendered":"http:\/\/les-pagaies.fr\/?page_id=17"},"modified":"2025-05-21T09:15:33","modified_gmt":"2025-05-21T09:15:33","slug":"tarifs-muret","status":"publish","type":"page","link":"https:\/\/les-pagaies.fr\/?page_id=17","title":{"rendered":"Tarifs Muret 2024"},"content":{"rendered":"\n<div class=\"wp-block-columns is-layout-flex wp-container-core-columns-is-layout-28f84493 wp-block-columns-is-layout-flex\">\n<div class=\"wp-block-column is-layout-flow wp-block-column-is-layout-flow\">\n<h2 class=\"wp-block-heading\">Les tarifs du parcours Tranquillit\u00e9 <\/h2>\n<\/div>\n\n\n\n<div class=\"wp-block-column is-layout-flow wp-block-column-is-layout-flow\">\n<guidap-activity-details-button activity-uuid=\"gWPCn6RabuDmTw5jV4JXpfU3idMslzvSONZG\"><\/guidap-activity-details-button>\n<\/div>\n<\/div>\n\n\n\n<div class=\"wp-block-columns is-layout-flex wp-container-core-columns-is-layout-28f84493 wp-block-columns-is-layout-flex\">\n<div class=\"wp-block-column is-vertically-aligned-center is-layout-flow wp-block-column-is-layout-flow\">\n<h2 class=\"wp-block-heading has-text-align-left\" style=\"margin-top:var(--wp--preset--spacing--40);margin-bottom:var(--wp--preset--spacing--40)\"><mark style=\"background-color:rgba(0, 0, 0, 0);color:#94c4ff\" class=\"has-inline-color\"><strong>Kayak 1 place <\/strong><\/mark><\/h2>\n\n\n\n<ul class=\"wp-block-list\">\n<li style=\"font-style:normal;font-weight:700\"><strong><mark style=\"background-color:rgba(0, 0, 0, 0)\" class=\"has-inline-color has-foreground-color\">La journ\u00e9e enti\u00e8re (d\u00e9part de No\u00e9):<\/mark> <mark style=\"background-color:rgba(0, 0, 0, 0);color:#94c4ff\" class=\"has-inline-color\">32\u20ac<\/mark><\/strong><\/li>\n<\/ul>\n\n\n\n<ul class=\"wp-block-list\">\n<li><strong><mark style=\"background-color:rgba(0, 0, 0, 0)\" class=\"has-inline-color has-foreground-color\">La demi-journ\u00e9e (d\u00e9part de Mauzac):<\/mark> <mark style=\"background-color:rgba(0, 0, 0, 0);color:#94c4ff\" class=\"has-inline-color\">25\u20ac<\/mark><\/strong><\/li>\n<\/ul>\n<\/div>\n\n\n\n<div class=\"wp-block-column is-vertically-aligned-center is-layout-flow wp-block-column-is-layout-flow\">\n<h2 class=\"wp-block-heading has-text-align-left\" style=\"margin-top:var(--wp--preset--spacing--40);margin-bottom:var(--wp--preset--spacing--40)\"><mark style=\"background-color:rgba(0, 0, 0, 0);color:#94c4ff\" class=\"has-inline-color\"><strong>Cano\u00eb 2 ou 3 places<\/strong><\/mark><\/h2>\n\n\n\n<ul class=\"wp-block-list\">\n<li><strong><mark style=\"background-color:rgba(0, 0, 0, 0)\" class=\"has-inline-color has-foreground-color\">La journ\u00e9e enti\u00e8re (d\u00e9part de No\u00e9) :<\/mark><\/strong> <strong><mark style=\"background-color:rgba(0, 0, 0, 0);color:#94c4ff\" class=\"has-inline-color\">50\u20ac<\/mark><\/strong><\/li>\n<\/ul>\n\n\n\n<ul class=\"wp-block-list\">\n<li><strong><mark style=\"background-color:rgba(0, 0, 0, 0)\" class=\"has-inline-color has-foreground-color\">La demi-journ\u00e9e (d\u00e9part de Mauzac) : <\/mark><mark style=\"background-color:rgba(0, 0, 0, 0);color:#94c4ff\" class=\"has-inline-color\">35\u20ac<\/mark><\/strong><\/li>\n<\/ul>\n<\/div>\n<\/div>\n\n\n\n<div class=\"wp-block-columns is-layout-flex wp-container-core-columns-is-layout-28f84493 wp-block-columns-is-layout-flex\">\n<div class=\"wp-block-column is-layout-flow wp-block-column-is-layout-flow\" style=\"flex-basis:50%\">\n<h2 class=\"wp-block-heading\" style=\"margin-top:var(--wp--preset--spacing--60);margin-bottom:var(--wp--preset--spacing--60)\"><strong><mark style=\"background-color:rgba(0, 0, 0, 0);color:#94c4ff\" class=\"has-inline-color\">Animations groupes<\/mark><\/strong><\/h2>\n\n\n\n<div class=\"wp-block-columns is-layout-flex wp-container-core-columns-is-layout-28f84493 wp-block-columns-is-layout-flex\">\n<div class=\"wp-block-column is-layout-flow wp-block-column-is-layout-flow\">\n<p><strong><em><mark style=\"background-color:rgba(0, 0, 0, 0);color:#94c4ff\" class=\"has-inline-color\">Organismes sociaux, Centres de loisirs<\/mark><\/em><\/strong><\/p>\n\n\n\n<p><strong><mark style=\"background-color:rgba(0, 0, 0, 0);color:#94c4ff\" class=\"has-inline-color\">Sur le Lac de Four de Louge :<\/mark><\/strong> <mark style=\"background-color:rgba(0, 0, 0, 0)\" class=\"has-inline-color has-foreground-color\">Minimum 8 personnes sur r\u00e9servation<\/mark><\/p>\n\n\n\n<p><strong><mark style=\"background-color:rgba(0, 0, 0, 0);color:#94c4ff\" class=\"has-inline-color\">Sur la Garonne :<\/mark><\/strong> <mark style=\"background-color:rgba(0, 0, 0, 0)\" class=\"has-inline-color has-foreground-color\">Minimum 8 personnes sur r\u00e9servation<\/mark><\/p>\n<\/div>\n<\/div>\n<\/div>\n\n\n\n<div class=\"wp-block-column is-layout-flow wp-block-column-is-layout-flow\" style=\"flex-basis:50%\">\n<h2 class=\"wp-block-heading\" style=\"margin-top:var(--wp--preset--spacing--60);margin-bottom:var(--wp--preset--spacing--60)\"><strong><mark style=\"background-color:rgba(0, 0, 0, 0);color:#94c4ff\" class=\"has-inline-color\">Activit\u00e9 encadr\u00e9e groupes<\/mark><\/strong><\/h2>\n\n\n\n<div class=\"wp-block-columns is-layout-flex wp-container-core-columns-is-layout-28f84493 wp-block-columns-is-layout-flex\">\n<div class=\"wp-block-column is-layout-flow wp-block-column-is-layout-flow\">\n<p><em><strong><mark style=\"background-color:rgba(0, 0, 0, 0);color:#94c4ff\" class=\"has-inline-color\">Familles, C.E., particulier<\/mark><\/strong><\/em><\/p>\n\n\n\n<p><strong><mark style=\"background-color:rgba(0, 0, 0, 0);color:#94c4ff\" class=\"has-inline-color\">Sur la Garonne :<\/mark><\/strong> <mark style=\"background-color:rgba(0, 0, 0, 0)\" class=\"has-inline-color has-foreground-color\">Minimum 8 personnes sur r\u00e9servation&nbsp;<\/mark><\/p>\n<\/div>\n<\/div>\n<\/div>\n<\/div>\n","protected":false},"excerpt":{"rendered":"<p>Les tarifs du parcours Tranquillit\u00e9 Kayak 1 place Cano\u00eb 2 ou 3 places Animations groupes [&hellip;]<\/p>\n","protected":false},"author":1,"featured_media":0,"parent":0,"menu_order":3,"comment_status":"closed","ping_status":"closed","template":"","meta":{"footnotes":""},"class_list":["post-17","page","type-page","status-publish","hentry"],"_links":{"self":[{"href":"https:\/\/les-pagaies.fr\/index.php?rest_route=\/wp\/v2\/pages\/17","targetHints":{"allow":["GET"]}}],"collection":[{"href":"https:\/\/les-pagaies.fr\/index.php?rest_route=\/wp\/v2\/pages"}],"about":[{"href":"https:\/\/les-pagaies.fr\/index.php?rest_route=\/wp\/v2\/types\/page"}],"author":[{"embeddable":true,"href":"https:\/\/les-pagaies.fr\/index.php?rest_route=\/wp\/v2\/users\/1"}],"replies":[{"embeddable":true,"href":"https:\/\/les-pagaies.fr\/index.php?rest_route=%2Fwp%2Fv2%2Fcomments&post=17"}],"version-history":[{"count":48,"href":"https:\/\/les-pagaies.fr\/index.php?rest_route=\/wp\/v2\/pages\/17\/revisions"}],"predecessor-version":[{"id":721,"href":"https:\/\/les-pagaies.fr\/index.php?rest_route=\/wp\/v2\/pages\/17\/revisions\/721"}],"wp:attachment":[{"href":"https:\/\/les-pagaies.fr\/index.php?rest_route=%2Fwp%2Fv2%2Fmedia&parent=17"}],"curies":[{"name":"wp","href":"https:\/\/api.w.org\/{rel}","templated":true}]}}