{"id":19,"date":"2016-01-12T12:12:07","date_gmt":"2016-01-12T12:12:07","guid":{"rendered":"http:\/\/les-pagaies.fr\/?page_id=19"},"modified":"2025-05-21T09:18:46","modified_gmt":"2025-05-21T09:18:46","slug":"tarifs-valcabrere","status":"publish","type":"page","link":"https:\/\/les-pagaies.fr\/?page_id=19","title":{"rendered":"Tarifs Valcabr\u00e8re 2024"},"content":{"rendered":"\n<h2 class=\"wp-block-heading\">Les tarifs du parcours S\u00e9r\u00e9nit\u00e9, pour r\u00e9server c&rsquo;est <a href=\"https:\/\/les-pagaies.fr\/?page_id=493\" data-type=\"page\" data-id=\"493\">ici<\/a><\/h2>\n\n\n\n<div class=\"wp-block-columns is-layout-flex wp-container-core-columns-is-layout-28f84493 wp-block-columns-is-layout-flex\">\n<div class=\"wp-block-column is-layout-flow wp-block-column-is-layout-flow\">\n<p class=\"has-medium-font-size\" style=\"margin-top:var(--wp--preset--spacing--60);margin-bottom:var(--wp--preset--spacing--60)\"><mark style=\"background-color:rgba(0, 0, 0, 0);color:#65c097\" class=\"has-inline-color\"><strong>Kayak 1 place<\/strong><\/mark> <mark style=\"background-color:rgba(0, 0, 0, 0)\" class=\"has-inline-color has-foreground-color\">: 30\u20ac<\/mark><\/p>\n<\/div>\n\n\n\n<div class=\"wp-block-column is-layout-flow wp-block-column-is-layout-flow\">\n<p class=\"has-medium-font-size\" style=\"margin-top:var(--wp--preset--spacing--60);margin-bottom:var(--wp--preset--spacing--60)\"><strong><mark style=\"background-color:rgba(0, 0, 0, 0);color:#65c097\" class=\"has-inline-color\">Cano\u00eb 2 places<\/mark> <\/strong><mark style=\"background-color:rgba(0, 0, 0, 0)\" class=\"has-inline-color has-foreground-color\">: 48\u20ac<\/mark><\/p>\n<\/div>\n<\/div>\n\n\n\n<div class=\"wp-block-columns is-layout-flex wp-container-core-columns-is-layout-28f84493 wp-block-columns-is-layout-flex\">\n<div class=\"wp-block-column is-layout-flow wp-block-column-is-layout-flow\">\n<h2 class=\"wp-block-heading\"><mark style=\"background-color:rgba(0, 0, 0, 0);color:#65c097\" class=\"has-inline-color\">Animations groupes<\/mark><\/h2>\n\n\n\n<p><strong><em><mark style=\"background-color:rgba(0, 0, 0, 0);color:#65c097\" class=\"has-inline-color\">Organismes sociaux, Centres de loisirs<\/mark><\/em><\/strong><\/p>\n\n\n\n<p><strong><mark style=\"background-color:rgba(0, 0, 0, 0);color:#65c097\" class=\"has-inline-color\">Cano\u00eb :<\/mark><\/strong> <mark style=\"background-color:rgba(0, 0, 0, 0)\" class=\"has-inline-color has-foreground-color\">Minimum 8 personnes sur r\u00e9servation<\/mark><\/p>\n<\/div>\n\n\n\n<div class=\"wp-block-column is-layout-flow wp-block-column-is-layout-flow\">\n<h2 class=\"wp-block-heading\"><mark style=\"background-color:rgba(0, 0, 0, 0);color:#65c097\" class=\"has-inline-color\">Activit\u00e9 encadr\u00e9e groupes<\/mark><\/h2>\n\n\n\n<p><em><strong><mark style=\"background-color:rgba(0, 0, 0, 0);color:#65c097\" class=\"has-inline-color\">Familles, C.E., particulier<\/mark><\/strong><\/em><\/p>\n\n\n\n<p><strong><mark style=\"background-color:rgba(0, 0, 0, 0);color:#65c097\" class=\"has-inline-color\">Sur la Garonne :<\/mark><\/strong> <mark style=\"background-color:rgba(0, 0, 0, 0)\" class=\"has-inline-color has-foreground-color\">Minimum 8 personnes sur r\u00e9servation&nbsp;<\/mark><\/p>\n<\/div>\n<\/div>\n","protected":false},"excerpt":{"rendered":"<p>Les tarifs du parcours S\u00e9r\u00e9nit\u00e9, pour r\u00e9server c&rsquo;est ici Kayak 1 place : 30\u20ac Cano\u00eb [&hellip;]<\/p>\n","protected":false},"author":1,"featured_media":0,"parent":0,"menu_order":4,"comment_status":"closed","ping_status":"closed","template":"","meta":{"footnotes":""},"class_list":["post-19","page","type-page","status-publish","hentry"],"_links":{"self":[{"href":"https:\/\/les-pagaies.fr\/index.php?rest_route=\/wp\/v2\/pages\/19","targetHints":{"allow":["GET"]}}],"collection":[{"href":"https:\/\/les-pagaies.fr\/index.php?rest_route=\/wp\/v2\/pages"}],"about":[{"href":"https:\/\/les-pagaies.fr\/index.php?rest_route=\/wp\/v2\/types\/page"}],"author":[{"embeddable":true,"href":"https:\/\/les-pagaies.fr\/index.php?rest_route=\/wp\/v2\/users\/1"}],"replies":[{"embeddable":true,"href":"https:\/\/les-pagaies.fr\/index.php?rest_route=%2Fwp%2Fv2%2Fcomments&post=19"}],"version-history":[{"count":24,"href":"https:\/\/les-pagaies.fr\/index.php?rest_route=\/wp\/v2\/pages\/19\/revisions"}],"predecessor-version":[{"id":722,"href":"https:\/\/les-pagaies.fr\/index.php?rest_route=\/wp\/v2\/pages\/19\/revisions\/722"}],"wp:attachment":[{"href":"https:\/\/les-pagaies.fr\/index.php?rest_route=%2Fwp%2Fv2%2Fmedia&parent=19"}],"curies":[{"name":"wp","href":"https:\/\/api.w.org\/{rel}","templated":true}]}}